{"id":38,"date":"2021-03-14T18:14:09","date_gmt":"2021-03-14T18:14:09","guid":{"rendered":"https:\/\/paddysreturn.com\/new\/?page_id=38"},"modified":"2025-10-02T21:11:31","modified_gmt":"2025-10-02T21:11:31","slug":"home","status":"publish","type":"page","link":"https:\/\/paddysreturn.com\/new\/","title":{"rendered":"Wilkommen!"},"content":{"rendered":"\n<p>In einer der langen Sessionn\u00e4chte im Peter\u2019s Old Oak Pub entstand die Idee die Irish Folkband Paddy\u2019s Return zu gr\u00fcnden, benannt nach einem irischen Jig und nach dem wohlschmeckenden Paddy\u2019s Irish Whiskey. Die musikalische Ausrichtung ist irlandlastig, wobei sich die Band auch schottische &amp; s\u00fcdeurop\u00e4ische Kl\u00e4nge erlaubt. Songs und Instrumentaltunes werden in einer ausgewogenen Mischung gespielt und gesungen.<\/p>\n\n\n\n<p>Am 8. November feiern wir wieder eine <a href=\"https:\/\/paddysreturn.com\/new\/shows\/grose-irish-pubfolk-taverne\/\" data-type=\"link\" data-id=\"https:\/\/paddysreturn.com\/new\/shows\/grose-irish-pubfolk-taverne\/\">Pub Party im Golden Harp<\/a> mit dem Verein Eulenspiel. Hier ist ein Eindruck aus vergangenger Zeit von dort zum aufw\u00e4rmen<\/p>\n\n\n\n<figure class=\"wp-block-embed is-type-video is-provider-youtube wp-block-embed-youtube wp-embed-aspect-16-9 wp-has-aspect-ratio\"><div class=\"wp-block-embed__wrapper\">\n<iframe loading=\"lazy\" title=\"Set of Reels: Paddy&#039;s Return @ Golden Harp Wien 1030, 01. 12. 2017\" width=\"720\" height=\"405\" src=\"https:\/\/www.youtube.com\/embed\/wW6zPD_11rw?feature=oembed\" frameborder=\"0\" allow=\"accelerometer; autoplay; clipboard-write; encrypted-media; gyroscope; picture-in-picture; web-share\" referrerpolicy=\"strict-origin-when-cross-origin\" allowfullscreen><\/iframe>\n<\/div><\/figure>\n","protected":false},"excerpt":{"rendered":"<p>In einer der langen Sessionn\u00e4chte im Peter\u2019s Old Oak Pub entstand die Idee die Irish Folkband Paddy\u2019s Return zu gr\u00fcnden, benannt nach einem irischen Jig und nach dem wohlschmeckenden Paddy\u2019s Irish Whiskey. Die musikalische Ausrichtung ist irlandlastig, wobei sich die Band auch schottische &amp; s\u00fcdeurop\u00e4ische Kl\u00e4nge erlaubt. Songs und Instrumentaltunes werden in einer ausgewogenen Mischung [&hellip;]<\/p>\n","protected":false},"author":1,"featured_media":210,"parent":0,"menu_order":0,"comment_status":"closed","ping_status":"closed","template":"","meta":{"footnotes":""},"class_list":{"0":"post-38","1":"page","2":"type-page","3":"status-publish","4":"has-post-thumbnail","6":"entry"},"_links":{"self":[{"href":"https:\/\/paddysreturn.com\/new\/wp-json\/wp\/v2\/pages\/38","targetHints":{"allow":["GET"]}}],"collection":[{"href":"https:\/\/paddysreturn.com\/new\/wp-json\/wp\/v2\/pages"}],"about":[{"href":"https:\/\/paddysreturn.com\/new\/wp-json\/wp\/v2\/types\/page"}],"author":[{"embeddable":true,"href":"https:\/\/paddysreturn.com\/new\/wp-json\/wp\/v2\/users\/1"}],"replies":[{"embeddable":true,"href":"https:\/\/paddysreturn.com\/new\/wp-json\/wp\/v2\/comments?post=38"}],"version-history":[{"count":12,"href":"https:\/\/paddysreturn.com\/new\/wp-json\/wp\/v2\/pages\/38\/revisions"}],"predecessor-version":[{"id":214,"href":"https:\/\/paddysreturn.com\/new\/wp-json\/wp\/v2\/pages\/38\/revisions\/214"}],"wp:featuredmedia":[{"embeddable":true,"href":"https:\/\/paddysreturn.com\/new\/wp-json\/wp\/v2\/media\/210"}],"wp:attachment":[{"href":"https:\/\/paddysreturn.com\/new\/wp-json\/wp\/v2\/media?parent=38"}],"curies":[{"name":"wp","href":"https:\/\/api.w.org\/{rel}","templated":true}]}}